{"id":33,"date":"2022-03-18T15:07:05","date_gmt":"2022-03-18T20:07:05","guid":{"rendered":"http:\/\/globalmedia.administrapp.com\/?page_id=33"},"modified":"2022-03-25T12:31:25","modified_gmt":"2022-03-25T17:31:25","slug":"inicio","status":"publish","type":"page","link":"https:\/\/globalmedia1.tv\/","title":{"rendered":"Inicio"},"content":{"rendered":"<style>\nbody{\nbackground-image: url(\"https:\/\/globalmedia1.tv\/wp-content\/uploads\/2022\/03\/antena.png\");\nbackground-repeat: no-repeat;\n    background-position-x: right;\n}\n<\/style>\n<p><script>\n\tvar isHome=false;\n    function switchDisplay(index, element) {\n        $(\".back-tva, .back-rtv, .back-tln, .back-hgt\").addClass('d-none')\n        switch(index){\n            case 0: $('.back-tva').removeClass('d-none');\n                break;\n            case 1: $('.back-rtv').removeClass('d-none');\n                break;\n            case 2: $('.back-tln').removeClass('d-none');\n                break;\n            case 3: $('.back-hgt').removeClass('d-none');\n                break;\n        }\n        $('.underline').removeClass('background-blue');\n        element.classList.add(\"background-blue\");\n    }\n<\/script><\/p>\n<div class=\"container\">\n<div class=\"row\">\n<div class=\"col-md-12\">\n<h2>PRODUCTORA AUDIOVISUAL PARA HISPANOHABLANTES<\/h2>\n<\/div>\n<\/div>\n<div class=\"row\">\n<div class=\"col-md-12\">\n<p>\nContenidos educativos, informativos y de entretenimiento\n<\/p>\n<\/div>\n<\/div>\n<div class=\"row my-3\">\n<div class=\"col-md-12\">\n<a class=\"btn-rounded\">\u00a1PAUTA AHORA!<\/a>\n<\/div>\n<\/div>\n<div class=\"row my-5 menu-buttons\">\n<div class=\"col-md-12\">\n<a class=\"underline\" onclick=\"switchDisplay(0, this);\">TvAgro<\/a> <a class=\"underline\" onclick=\"switchDisplay(1, this);\" >RumbaTv<\/a> <a class=\"underline\" onclick=\"switchDisplay(2, this);\">TLN<\/a> <a class=\"underline\" onclick=\"switchDisplay(3, this);\">HogarTv<\/a>\n<\/div>\n<\/div>\n<\/div>\n<div class=\"container-fluid back-content\">\n<div class=\"row back-tva my-5\">\n<div class=\"col-md-3 center-items\">\n<img decoding=\"async\" src=\"https:\/\/globalmedia1.tv\/wp-content\/uploads\/2022\/03\/Logo.png\" class=\"w-100 px-5\" \/>\n<\/div>\n<div class=\"col-md-9 py-5\">\n<p class=\"mx-5 py-5\">Canal l\u00edder en Latinoam\u00e9rica en la difusi\u00f3n de los temas del campo y el sector agropecuario dentro de un contexto did\u00e1ctico e informativo con amenas y excelentes producciones;  lo m\u00e1s destacable son realizadas en su mayor\u00eda en exteriores desde las m\u00e1s importantes explotaciones agropecuarias, ferias y exposiciones del sector.<br \/>\nEl canal preferido de los protagonistas del campo, ya sea docentes, estudiantes, empresarios e industriales interesados en obtener la m\u00e1s amplia informaci\u00f3n sobre las experiencias, novedades e indicadores de las actividades de la industria agropecuaria.<\/p>\n<\/div>\n<\/div>\n<div class=\"row back-rtv my-5 d-none\">\n<div class=\"col-md-3 center-items\">\n<img decoding=\"async\" src=\"https:\/\/globalmedia1.tv\/wp-content\/uploads\/2022\/03\/rtv-curvas.png\" class=\"w-100 px-5 \" \/>\n<\/div>\n<div class=\"col-md-9 py-5\">\n<p class=\"mx-5 py-5\">Es una fiesta en su pantalla con los \u00e9xitos musicales del momento para deleitar a sus televidentes con todos los g\u00e9neros tropicales latinos, Salsa, Merengue, Vallenato, Reggaet\u00f3n, Pop, Bailable y Bachata que convertir\u00e1n sus televisores en verdaderas orquestas en casa con el sonido y la imagen de los mejores artistas, su repertorio musical, sus entrevistas, videos exclusivos, estrenos mundiales y los Hit Parade internacionales.\n<\/p>\n<\/div>\n<\/div>\n<div class=\"row back-tln my-5 d-none\">\n<div class=\"col-md-3 center-items\">\n<img decoding=\"async\" src=\"https:\/\/globalmedia1.tv\/wp-content\/uploads\/2022\/03\/logo_telenostalgia.png\" class=\"w-100 px-5\" \/>\n<\/div>\n<div class=\"col-md-9 py-5\">\n<p class=\"mx-5 py-5\">Tele Nostalgia es el \u00daNICO canal a nivel satelital dedicado exclusivamente a la emisi\u00f3n de m\u00fasica en el g\u00e9nero de baladas rom\u00e1nticas, pop rom\u00e1ntico, ranchera, bolero y m\u00fasica popular colombiana, con la ventaja adicional de estar continuamente mejorando la calidad de sus videos e ingresando material cl\u00e1sico en su programaci\u00f3n.\n<\/p>\n<\/div>\n<\/div>\n<div class=\"row back-hgt my-5 d-none\">\n<div class=\"col-md-3 center-items\">\n<img decoding=\"async\" src=\"https:\/\/globalmedia1.tv\/wp-content\/uploads\/2022\/03\/logo_hgt.png\" class=\"w-100 px-5\" \/>\n<\/div>\n<div class=\"col-md-9 py-5\">\n<p class=\"mx-5 py-5\">\nProgramaci\u00f3n variada dirigida a todos los integrantes del hogar durante las 24 horas del d\u00eda. Trabajamos para llevar a tu pantalla tips de belleza, cocina, manualidades, arte, deporte, salud, entre otros.<br \/>\nEn Hogar TV encontrar\u00e1s la gu\u00eda perfecta para sorprender a tus seres queridos con deliciosos platillos, consejos para mantener el buen estado f\u00edsico, las \u00faltimas tendencias en maquillaje y los mejores especialistas para que puedas consultarlos de manera gratuita y despejes las dudas.\n<\/p>\n<\/div>\n<\/div>\n<\/div>\n","protected":false},"excerpt":{"rendered":"<p>PRODUCTORA AUDIOVISUAL PARA HISPANOHABLANTES Contenidos educativos, informativos y de entretenimiento \u00a1PAUTA AHORA! TvAgro RumbaTv TLN HogarTv Canal l\u00edder en Latinoam\u00e9rica en la difusi\u00f3n de los temas del campo y el sector agropecuario dentro de un contexto did\u00e1ctico e informativo con amenas y excelentes producciones; lo m\u00e1s destacable son realizadas en su mayor\u00eda en exteriores desde&hellip; <a class=\"more-link\" href=\"https:\/\/globalmedia1.tv\/\">Seguir leyendo <span class=\"screen-reader-text\">Inicio<\/span><\/a><\/p>\n","protected":false},"author":1,"featured_media":0,"parent":0,"menu_order":0,"comment_status":"closed","ping_status":"closed","template":"","meta":{"footnotes":""},"class_list":["post-33","page","type-page","status-publish","hentry","entry"],"_links":{"self":[{"href":"https:\/\/globalmedia1.tv\/index.php\/wp-json\/wp\/v2\/pages\/33","targetHints":{"allow":["GET"]}}],"collection":[{"href":"https:\/\/globalmedia1.tv\/index.php\/wp-json\/wp\/v2\/pages"}],"about":[{"href":"https:\/\/globalmedia1.tv\/index.php\/wp-json\/wp\/v2\/types\/page"}],"author":[{"embeddable":true,"href":"https:\/\/globalmedia1.tv\/index.php\/wp-json\/wp\/v2\/users\/1"}],"replies":[{"embeddable":true,"href":"https:\/\/globalmedia1.tv\/index.php\/wp-json\/wp\/v2\/comments?post=33"}],"version-history":[{"count":29,"href":"https:\/\/globalmedia1.tv\/index.php\/wp-json\/wp\/v2\/pages\/33\/revisions"}],"predecessor-version":[{"id":98,"href":"https:\/\/globalmedia1.tv\/index.php\/wp-json\/wp\/v2\/pages\/33\/revisions\/98"}],"wp:attachment":[{"href":"https:\/\/globalmedia1.tv\/index.php\/wp-json\/wp\/v2\/media?parent=33"}],"curies":[{"name":"wp","href":"https:\/\/api.w.org\/{rel}","templated":true}]}}