{"id":20,"date":"2022-03-18T12:50:56","date_gmt":"2022-03-18T17:50:56","guid":{"rendered":"http:\/\/globalmedia.administrapp.com\/?page_id=20"},"modified":"2022-03-25T13:27:27","modified_gmt":"2022-03-25T18:27:27","slug":"telepuerto","status":"publish","type":"page","link":"https:\/\/globalmedia1.tv\/index.php\/telepuerto\/","title":{"rendered":"Telepuerto"},"content":{"rendered":"<div class=\"container-fluid\">\n<div class=\"row p-5 m-3\">\n<div class=\"col-md-12\">\n<h2 class=\"text-center\">Conoce como funciona nuestro Telepuerto<\/h2>\n<h4 class=\"py-3\">1. Ubicaci\u00f3n Geogr\u00e1fica.<\/h4>\n<p class=\"py-3\">\nPara determinar la orientaci\u00f3n de una antena, hay que tener en cuenta la localizaci\u00f3n geogr\u00e1fica del lugar de recepci\u00f3n (latitud y longitud) y la ubicaci\u00f3n del sat\u00e9lite geoestacionario sobre el plano ecuatorial (longitud), Nuestro sat\u00e9lite el SES6 esta a 40.5\u00b0W, lo cual debemos tener en cuenta que no tengamos hacia el oriente edificios, estructuras met\u00e1licas, monta\u00f1as que est\u00e9n por encima de 40.5\u00b0 de visual, estos elementos pueden hacer que nuestra recepci\u00f3n satelital sea d\u00e9bil o nula\n<\/p>\n<h4>2. Antena adecuada tanto en tama\u00f1o vs. ganancia  m\u00ednima requerida.<\/h4>\n<p class=\"py-3\">\nEl Alimentador com\u00fanmente llamado, es en realidad el LNB de la antena, este en su esencia es realmente la parte electr\u00f3nica sensible a la recepci\u00f3n de nuestra se\u00f1al, existen varios tipos de LNB, usados de acuerdo a el tipo de sat\u00e9lite que vamos a decepcionar.<br \/>\nEn nuestro caso usaremos LNB Circulares para Banda C, los cuales en su mayor\u00eda usan una placa Diel\u00e9ctrica dentro del LNB, que permite hacer la separaci\u00f3n de la Onda de RF que baja del sat\u00e9lite.<br \/>\nLos LNB son medidos en grados kelvin, entre mas bajo se la temperatura en \u00b0K, m\u00e1s sensibilidad tiene nuestro LNB.\n<\/p>\n<h4>3. Alimentador y LNB adecuado de acuerdo a la polarizaci\u00f3n del sat\u00e9lite y tipo de Antena.<\/h4>\n<p class=\"py-3\">\nLa antena es uno de los elementos mas importantes dentro de la cadena de Recepci\u00f3n de las se\u00f1ales satelitales, una buena antena depende de su construcci\u00f3n y ganancia en dB. EL di\u00e1metro m\u00ednimo de la antena debe ser de 3.8 Mts. Siendo esta del tipo foco Central o Off Set.<br \/>\nLa calidad de la antena hablando en m\u00e9todos y materiales de contracci\u00f3n deben ser de la mejor calidad posible, el objetivo de esta calidad es garantizar el m\u00e1ximo de ganancia de la antena, la cual  nos dar\u00e1 estabilidad en nuestra recepci\u00f3n satelital.\n<\/p>\n<h4>4. Conectorizaci\u00f3n y Cable Coaxial.<\/h4>\n<p class=\"py-3\">\nDentro de la cadena de Recepci\u00f3n, los elementos como cables y conectores usados, son muy importantes.<br \/>\nDebe tenerse en cuenta su referencia de a cuerdo a las distancias entre la antena f\u00edsica y los receptores, as\u00ed como asegurar la correcta instalaci\u00f3n de los conectores, la humedad es uno de los principales problemas de p\u00e9rdidas de se\u00f1al moment\u00e1nea o en horas del d\u00eda. Un conector h\u00famedo, sufre atenuaci\u00f3n de la se\u00f1al de la antena generando perdidas de se\u00f1al, espor\u00e1dicas o totales.<br \/>\nLos conectores y cables de su antena deben ser evaluados m\u00ednimo en un periodo de 12 meses y remplazar cualquier conector que se encuentre sulfatado o oxidado, teniendo en cuenta de revisar la integridad del cable coaxial.\n<\/p>\n<h4>5. Ajustes Finos de tipo azimutal, elevaci\u00f3n , correcci\u00f3n polar y Cross Pol.<\/h4>\n<p class=\"py-3\">\nAl instalar nuestra antena, los ajustes a la misma son la puesta a punto de calibraci\u00f3n. Estos ajustes se deben realizar teniendo en cuenta los par\u00e1metros de recepci\u00f3n indicados para la se\u00f1al que se este recibiendo, dentro de los ajustes finos el mas importante es la ubicaci\u00f3n en grados de la placa diel\u00e9ctrica que esta dentro del LNB, y no menos importantes los ajustes de elevaci\u00f3n, azimut y Cross Pol.\n<\/p>\n<h4>6. Elementos de medici\u00f3n muy Importantes.<\/h4>\n<p class=\"py-3\">\n Una de las herramientas mas importantes a la hora de poner nuestra antena satelital a punto, son las herramientas de medici\u00f3n de se\u00f1al, muchos nos limitamos solo  a usar un receptor satelital, como herramienta y este no es lo suficientemente sensible para asegurar el apuntamiento optimo de nuestra antena, dentro de estos elementos podemos considerar el Analizador de espectro, medidores tipo Sat Finder o tarjetas de medici\u00f3n satelitales incorporadas v\u00eda USB a un computador  port\u00e1til.\n<\/p>\n<\/div>\n<\/div>\n<\/div>\n","protected":false},"excerpt":{"rendered":"<p>Conoce como funciona nuestro Telepuerto 1. Ubicaci\u00f3n Geogr\u00e1fica. Para determinar la orientaci\u00f3n de una antena, hay que tener en cuenta la localizaci\u00f3n geogr\u00e1fica del lugar de recepci\u00f3n (latitud y longitud) y la ubicaci\u00f3n del sat\u00e9lite geoestacionario sobre el plano ecuatorial (longitud), Nuestro sat\u00e9lite el SES6 esta a 40.5\u00b0W, lo cual debemos tener en cuenta que&hellip; <a class=\"more-link\" href=\"https:\/\/globalmedia1.tv\/index.php\/telepuerto\/\">Seguir leyendo <span class=\"screen-reader-text\">Telepuerto<\/span><\/a><\/p>\n","protected":false},"author":1,"featured_media":0,"parent":0,"menu_order":0,"comment_status":"closed","ping_status":"closed","template":"","meta":{"footnotes":""},"class_list":["post-20","page","type-page","status-publish","hentry","entry"],"_links":{"self":[{"href":"https:\/\/globalmedia1.tv\/index.php\/wp-json\/wp\/v2\/pages\/20","targetHints":{"allow":["GET"]}}],"collection":[{"href":"https:\/\/globalmedia1.tv\/index.php\/wp-json\/wp\/v2\/pages"}],"about":[{"href":"https:\/\/globalmedia1.tv\/index.php\/wp-json\/wp\/v2\/types\/page"}],"author":[{"embeddable":true,"href":"https:\/\/globalmedia1.tv\/index.php\/wp-json\/wp\/v2\/users\/1"}],"replies":[{"embeddable":true,"href":"https:\/\/globalmedia1.tv\/index.php\/wp-json\/wp\/v2\/comments?post=20"}],"version-history":[{"count":9,"href":"https:\/\/globalmedia1.tv\/index.php\/wp-json\/wp\/v2\/pages\/20\/revisions"}],"predecessor-version":[{"id":102,"href":"https:\/\/globalmedia1.tv\/index.php\/wp-json\/wp\/v2\/pages\/20\/revisions\/102"}],"wp:attachment":[{"href":"https:\/\/globalmedia1.tv\/index.php\/wp-json\/wp\/v2\/media?parent=20"}],"curies":[{"name":"wp","href":"https:\/\/api.w.org\/{rel}","templated":true}]}}