{"id":10,"date":"2022-03-18T11:41:36","date_gmt":"2022-03-18T16:41:36","guid":{"rendered":"http:\/\/globalmedia.administrapp.com\/?page_id=10"},"modified":"2022-09-01T07:48:06","modified_gmt":"2022-09-01T12:48:06","slug":"somos","status":"publish","type":"page","link":"https:\/\/globalmedia1.tv\/index.php\/somos\/","title":{"rendered":"Somos"},"content":{"rendered":"<div class=\"container-fluid\">\n<div class=\"row p-5 m-3\">\n<div class=\"col-md-12\">\n<h2 class=\"text-center\">\u00bfQuieres saber que nos motiva en Global Media?<\/h2>\n<p>Somos una empresa productora de contenidos audiovisuales para el mercado de habla hispana con un portafolio de canales dedicados a la informaci\u00f3n, el entretenimiento, la cultura, la educaci\u00f3n y el esparcimiento de los televidentes hispanos.\n<\/p>\n<\/div>\n<\/div>\n<\/div>\n<section class=\"about-us my-5\">\n<div class=\"container py-5\">\n<div class=\"row\">\n<div class=\"col-md-6 col-sm-12\">\n<div class=\"back-rounded shadow\">\n<h3 class=\"text-center\">Misi\u00f3n<\/h3>\n<p>Satisfacer plenamente las necesidades de entretenimiento, informaci\u00f3n y educaci\u00f3n de nuestros abonados, mediante la prestaci\u00f3n e innovaci\u00f3n de servicios de telecomunicaciones de la mejor calidad.\n<\/p><\/div>\n<\/div>\n<div class=\"col-md-6 col-sm-12\">\n<div class=\"back-rounded shadow \">\n<h3 class=\"text-center\">Visi\u00f3n<\/h3>\n<p>Ser la empresa l\u00edder en producci\u00f3n y distribuci\u00f3n de servicios de televisi\u00f3n, llevando a los hogares de habla hispana lo mejor del entretenimiento a trav\u00e9s de nuestra programaci\u00f3n.\n<\/p><\/div>\n<\/div>\n<\/div>\n<\/div>\n<\/section>\n<div class=\"my-5 text-white text-left p-4 politicas\">\n<p style=\"max-width: 80%\">\nConozca aqu\u00ed la pol\u00edtica de uso del canal y protecci\u00f3n al denunciante: <a class=\"link\" href=\"\">(LINK DEL PDF)<\/a>\n<\/p>\n<p style=\"max-width: 80%\">\nPara establecer comunicaci\u00f3n puede hacerlo a linea.etica@globalmedia1.tv\n<\/p>\n<\/div>\n","protected":false},"excerpt":{"rendered":"<p>\u00bfQuieres saber que nos motiva en Global Media? Somos una empresa productora de contenidos audiovisuales para el mercado de habla hispana con un portafolio de canales dedicados a la informaci\u00f3n, el entretenimiento, la cultura, la educaci\u00f3n y el esparcimiento de los televidentes hispanos. Misi\u00f3n Satisfacer plenamente las necesidades de entretenimiento, informaci\u00f3n y educaci\u00f3n de nuestros&hellip; <a class=\"more-link\" href=\"https:\/\/globalmedia1.tv\/index.php\/somos\/\">Seguir leyendo <span class=\"screen-reader-text\">Somos<\/span><\/a><\/p>\n","protected":false},"author":1,"featured_media":0,"parent":0,"menu_order":0,"comment_status":"closed","ping_status":"closed","template":"","meta":{"footnotes":""},"class_list":["post-10","page","type-page","status-publish","hentry","entry"],"_links":{"self":[{"href":"https:\/\/globalmedia1.tv\/index.php\/wp-json\/wp\/v2\/pages\/10","targetHints":{"allow":["GET"]}}],"collection":[{"href":"https:\/\/globalmedia1.tv\/index.php\/wp-json\/wp\/v2\/pages"}],"about":[{"href":"https:\/\/globalmedia1.tv\/index.php\/wp-json\/wp\/v2\/types\/page"}],"author":[{"embeddable":true,"href":"https:\/\/globalmedia1.tv\/index.php\/wp-json\/wp\/v2\/users\/1"}],"replies":[{"embeddable":true,"href":"https:\/\/globalmedia1.tv\/index.php\/wp-json\/wp\/v2\/comments?post=10"}],"version-history":[{"count":48,"href":"https:\/\/globalmedia1.tv\/index.php\/wp-json\/wp\/v2\/pages\/10\/revisions"}],"predecessor-version":[{"id":314,"href":"https:\/\/globalmedia1.tv\/index.php\/wp-json\/wp\/v2\/pages\/10\/revisions\/314"}],"wp:attachment":[{"href":"https:\/\/globalmedia1.tv\/index.php\/wp-json\/wp\/v2\/media?parent=10"}],"curies":[{"name":"wp","href":"https:\/\/api.w.org\/{rel}","templated":true}]}}